{"id":1915,"date":"2025-06-23T07:21:15","date_gmt":"2025-06-23T07:21:15","guid":{"rendered":"https:\/\/royalaigle.fr\/?page_id=1915"},"modified":"2025-07-01T08:58:48","modified_gmt":"2025-07-01T08:58:48","slug":"our-services","status":"publish","type":"page","link":"https:\/\/royalaigle.fr\/en\/our-services\/","title":{"rendered":"Our Services"},"content":{"rendered":"\t\t<div data-elementor-type=\"wp-page\" data-elementor-id=\"1915\" class=\"elementor elementor-1915\">\n\t\t\t\t<div class=\"elementor-element elementor-element-4823f59 e-flex e-con-boxed e-con e-parent\" data-id=\"4823f59\" data-element_type=\"container\" data-settings=\"{&quot;background_background&quot;:&quot;classic&quot;}\">\n\t\t\t\t\t<div class=\"e-con-inner\">\n\t\t<div class=\"elementor-element elementor-element-58ea305 e-con-full e-flex e-con e-child\" data-id=\"58ea305\" data-element_type=\"container\">\n\t\t\t\t<div class=\"elementor-element elementor-element-623ce6e elementor-widget elementor-widget-heading\" data-id=\"623ce6e\" data-element_type=\"widget\" data-widget_type=\"heading.default\">\n\t\t\t\t<div class=\"elementor-widget-container\">\n\t\t\t\t\t<h6 class=\"elementor-heading-title elementor-size-default\">Royal Aigle Security, Events &amp; Services.<\/h6>\t\t\t\t<\/div>\n\t\t\t\t<\/div>\n\t\t\t\t<div class=\"elementor-element elementor-element-ffb7b78 elementor-widget elementor-widget-heading\" data-id=\"ffb7b78\" data-element_type=\"widget\" data-widget_type=\"heading.default\">\n\t\t\t\t<div class=\"elementor-widget-container\">\n\t\t\t\t\t<h1 class=\"elementor-heading-title elementor-size-default\">Our Services<\/h1>\t\t\t\t<\/div>\n\t\t\t\t<\/div>\n\t\t\t\t<\/div>\n\t\t\t\t\t<\/div>\n\t\t\t\t<\/div>\n\t\t<div class=\"elementor-element elementor-element-babbcc1 e-flex e-con-boxed e-con e-parent\" data-id=\"babbcc1\" data-element_type=\"container\" data-settings=\"{&quot;background_background&quot;:&quot;classic&quot;}\">\n\t\t\t\t\t<div class=\"e-con-inner\">\n\t\t<div class=\"elementor-element elementor-element-b302167 e-con-full e-flex e-con e-child\" data-id=\"b302167\" data-element_type=\"container\">\n\t\t\t\t<div class=\"elementor-element elementor-element-70594ef elementor-widget elementor-widget-image-box\" data-id=\"70594ef\" data-element_type=\"widget\" data-widget_type=\"image-box.default\">\n\t\t\t\t<div class=\"elementor-widget-container\">\n\t\t\t\t\t<div class=\"elementor-image-box-wrapper\"><div class=\"elementor-image-box-content\"><h2 class=\"elementor-image-box-title\">Our Services<\/h2><p class=\"elementor-image-box-description\">Discover our professional services designed to meet all your needs with efficiency and reliability.<\/p><\/div><\/div>\t\t\t\t<\/div>\n\t\t\t\t<\/div>\n\t\t<div class=\"elementor-element elementor-element-36516de e-con-full e-flex e-con e-child\" data-id=\"36516de\" data-element_type=\"container\">\n\t\t<div class=\"elementor-element elementor-element-c529ed0 e-con-full e-flex e-con e-child\" data-id=\"c529ed0\" data-element_type=\"container\" data-settings=\"{&quot;background_background&quot;:&quot;classic&quot;}\">\n\t\t\t\t<div class=\"elementor-element elementor-element-5b5be55 elementor-invisible elementor-widget elementor-widget-image-box\" data-id=\"5b5be55\" data-element_type=\"widget\" data-settings=\"{&quot;_animation&quot;:&quot;fadeInDown&quot;}\" data-widget_type=\"image-box.default\">\n\t\t\t\t<div class=\"elementor-widget-container\">\n\t\t\t\t\t<div class=\"elementor-image-box-wrapper\"><div class=\"elementor-image-box-content\"><h4 class=\"elementor-image-box-title\"><a href=\"https:\/\/royalaigle.fr\/en\/security\/\">Royal Aigle Security<\/a><\/h4><p class=\"elementor-image-box-description\">Royal Aigle S\u00e9curit\u00e9 offers exceptional private protection, with elite, vigilant and discreet agents.<\/p><\/div><\/div>\t\t\t\t<\/div>\n\t\t\t\t<\/div>\n\t\t\t\t<\/div>\n\t\t<div class=\"elementor-element elementor-element-da08548 e-con-full e-flex e-con e-child\" data-id=\"da08548\" data-element_type=\"container\" data-settings=\"{&quot;background_background&quot;:&quot;classic&quot;}\">\n\t\t\t\t<div class=\"elementor-element elementor-element-733c65e elementor-invisible elementor-widget elementor-widget-image-box\" data-id=\"733c65e\" data-element_type=\"widget\" data-settings=\"{&quot;_animation&quot;:&quot;fadeInDown&quot;}\" data-widget_type=\"image-box.default\">\n\t\t\t\t<div class=\"elementor-widget-container\">\n\t\t\t\t\t<div class=\"elementor-image-box-wrapper\"><div class=\"elementor-image-box-content\"><h4 class=\"elementor-image-box-title\"><a href=\"https:\/\/royalaigle.fr\/en\/events\/\">Royal Aigle Events<\/a><\/h4><p class=\"elementor-image-box-description\">Royal Aigle Events offers a high-end welcome. The hosts and hostesses are elegant, professional, and attentive to every detail.<\/p><\/div><\/div>\t\t\t\t<\/div>\n\t\t\t\t<\/div>\n\t\t\t\t<\/div>\n\t\t<div class=\"elementor-element elementor-element-f1c714b e-con-full e-flex e-con e-child\" data-id=\"f1c714b\" data-element_type=\"container\" data-settings=\"{&quot;background_background&quot;:&quot;classic&quot;,&quot;animation&quot;:&quot;none&quot;}\">\n\t\t\t\t<div class=\"elementor-element elementor-element-a59e324 elementor-invisible elementor-widget elementor-widget-image-box\" data-id=\"a59e324\" data-element_type=\"widget\" data-settings=\"{&quot;_animation&quot;:&quot;fadeInDown&quot;}\" data-widget_type=\"image-box.default\">\n\t\t\t\t<div class=\"elementor-widget-container\">\n\t\t\t\t\t<div class=\"elementor-image-box-wrapper\"><div class=\"elementor-image-box-content\"><h4 class=\"elementor-image-box-title\"><a href=\"https:\/\/royalaigle.fr\/en\/business-services\/\">Services aux Entreprises<\/a><\/h4><p class=\"elementor-image-box-description\">Royal Aigle Services responds to your needs quickly, accurately, and discreetly.\nOne point of contact, outstanding results.<\/p><\/div><\/div>\t\t\t\t<\/div>\n\t\t\t\t<\/div>\n\t\t\t\t<\/div>\n\t\t\t\t<\/div>\n\t\t\t\t<\/div>\n\t\t\t\t\t<\/div>\n\t\t\t\t<\/div>\n\t\t<div class=\"elementor-element elementor-element-4f957d1 e-flex e-con-boxed e-con e-parent\" data-id=\"4f957d1\" data-element_type=\"container\" data-settings=\"{&quot;background_background&quot;:&quot;classic&quot;}\">\n\t\t\t\t\t<div class=\"e-con-inner\">\n\t\t<div class=\"elementor-element elementor-element-c47871b e-con-full e-flex e-con e-child\" data-id=\"c47871b\" data-element_type=\"container\">\n\t\t\t\t<div class=\"elementor-element elementor-element-a6f5265 elementor-widget elementor-widget-heading\" data-id=\"a6f5265\" data-element_type=\"widget\" data-widget_type=\"heading.default\">\n\t\t\t\t<div class=\"elementor-widget-container\">\n\t\t\t\t\t<h2 class=\"elementor-heading-title elementor-size-default\">Why Choose Royal Aigle?<\/h2>\t\t\t\t<\/div>\n\t\t\t\t<\/div>\n\t\t\t\t<div class=\"elementor-element elementor-element-311e9aa elementor-widget-divider--view-line elementor-widget elementor-widget-divider\" data-id=\"311e9aa\" data-element_type=\"widget\" data-widget_type=\"divider.default\">\n\t\t\t\t<div class=\"elementor-widget-container\">\n\t\t\t\t\t\t\t<div class=\"elementor-divider\">\n\t\t\t<span class=\"elementor-divider-separator\">\n\t\t\t\t\t\t<\/span>\n\t\t<\/div>\n\t\t\t\t\t\t<\/div>\n\t\t\t\t<\/div>\n\t\t\t\t<div class=\"elementor-element elementor-element-a7d5766 elementor-widget elementor-widget-text-editor\" data-id=\"a7d5766\" data-element_type=\"widget\" data-widget_type=\"text-editor.default\">\n\t\t\t\t<div class=\"elementor-widget-container\">\n\t\t\t\t\t\t\t\t\t<p>Choisir Royal Aigle, c\u2019est opter pour un service haut de gamme port\u00e9 par trois p\u00f4les compl\u00e9mentaires. Notre branche Events vous garantit un accueil irr\u00e9prochable gr\u00e2ce \u00e0 des h\u00f4tes et h\u00f4tesses \u00e9l\u00e9gants, form\u00e9s pour valoriser votre image. Avec Royal Aigle S\u00e9curit\u00e9, vous b\u00e9n\u00e9ficiez d\u2019une pr\u00e9sence professionnelle, discr\u00e8te et rassurante pour tous vos \u00e9v\u00e9nements ou lieux sensibles. Enfin, Royal Aigle Services vous accompagne avec des solutions logistiques fiables et r\u00e9actives.<\/p>\t\t\t\t\t\t\t\t<\/div>\n\t\t\t\t<\/div>\n\t\t<div class=\"elementor-element elementor-element-f95796d e-flex e-con-boxed e-con e-child\" data-id=\"f95796d\" data-element_type=\"container\">\n\t\t\t\t\t<div class=\"e-con-inner\">\n\t\t<div class=\"elementor-element elementor-element-c5ef7d3 e-con-full e-flex e-con e-child\" data-id=\"c5ef7d3\" data-element_type=\"container\">\n\t\t\t\t<div class=\"elementor-element elementor-element-609338b elementor-position-top elementor-widget elementor-widget-image-box\" data-id=\"609338b\" data-element_type=\"widget\" data-widget_type=\"image-box.default\">\n\t\t\t\t<div class=\"elementor-widget-container\">\n\t\t\t\t\t<div class=\"elementor-image-box-wrapper\"><figure class=\"elementor-image-box-img\"><img decoding=\"async\" width=\"120\" height=\"120\" src=\"https:\/\/royalaigle.fr\/en\/wp-content\/uploads\/2021\/03\/01.png\" class=\"attachment-full size-full wp-image-758\" alt=\"\" \/><\/figure><div class=\"elementor-image-box-content\"><h4 class=\"elementor-image-box-title\">Quality and professionalism<\/h4><p class=\"elementor-image-box-description\">Our interventions are careful, reliable and respect deadlines to guarantee lasting results.<\/p><\/div><\/div>\t\t\t\t<\/div>\n\t\t\t\t<\/div>\n\t\t\t\t<\/div>\n\t\t<div class=\"elementor-element elementor-element-4bd0c5d e-con-full e-flex e-con e-child\" data-id=\"4bd0c5d\" data-element_type=\"container\">\n\t\t\t\t<div class=\"elementor-element elementor-element-38fa1a2 elementor-position-top elementor-widget elementor-widget-image-box\" data-id=\"38fa1a2\" data-element_type=\"widget\" data-widget_type=\"image-box.default\">\n\t\t\t\t<div class=\"elementor-widget-container\">\n\t\t\t\t\t<div class=\"elementor-image-box-wrapper\"><figure class=\"elementor-image-box-img\"><img decoding=\"async\" width=\"120\" height=\"120\" src=\"https:\/\/royalaigle.fr\/en\/wp-content\/uploads\/2021\/03\/02.png\" class=\"attachment-full size-full wp-image-759\" alt=\"\" \/><\/figure><div class=\"elementor-image-box-content\"><h4 class=\"elementor-image-box-title\">Responsive service<\/h4><p class=\"elementor-image-box-description\">We adapt each solution to the client's needs and intervene quickly to resolve unforeseen daily events.<\/p><\/div><\/div>\t\t\t\t<\/div>\n\t\t\t\t<\/div>\n\t\t\t\t<\/div>\n\t\t<div class=\"elementor-element elementor-element-cf531d7 e-con-full e-flex e-con e-child\" data-id=\"cf531d7\" data-element_type=\"container\">\n\t\t\t\t<div class=\"elementor-element elementor-element-9576f8c elementor-position-top elementor-widget elementor-widget-image-box\" data-id=\"9576f8c\" data-element_type=\"widget\" data-widget_type=\"image-box.default\">\n\t\t\t\t<div class=\"elementor-widget-container\">\n\t\t\t\t\t<div class=\"elementor-image-box-wrapper\"><figure class=\"elementor-image-box-img\"><img decoding=\"async\" width=\"120\" height=\"120\" src=\"https:\/\/royalaigle.fr\/en\/wp-content\/uploads\/2021\/03\/03.png\" class=\"attachment-full size-full wp-image-760\" alt=\"\" \/><\/figure><div class=\"elementor-image-box-content\"><h4 class=\"elementor-image-box-title\">Transparent pricing<\/h4><p class=\"elementor-image-box-description\">Our quotes are clear, detailed and offer excellent value for money, with no unpleasant surprises.<\/p><\/div><\/div>\t\t\t\t<\/div>\n\t\t\t\t<\/div>\n\t\t\t\t<\/div>\n\t\t\t\t\t<\/div>\n\t\t\t\t<\/div>\n\t\t\t\t<\/div>\n\t\t\t\t\t<\/div>\n\t\t\t\t<\/div>\n\t\t\t\t<\/div>\n\t\t","protected":false},"excerpt":{"rendered":"<p>Royal Aigle Security, Events &amp; Services. Our Services Our Services Discover our professional services designed to meet all your needs with efficiency and reliability. Royal Aigle Security Royal Aigle S\u00e9curit\u00e9 offers exceptional private protection, with elite, vigilant and discreet agents. Royal Aigle Events Royal Aigle Events offers a high-end welcome. The hosts and hostesses are [&hellip;]<\/p>\n","protected":false},"author":1,"featured_media":2254,"parent":0,"menu_order":0,"comment_status":"closed","ping_status":"closed","template":"","meta":{"site-sidebar-layout":"default","site-content-layout":"","ast-site-content-layout":"full-width-container","site-content-style":"default","site-sidebar-style":"default","ast-global-header-display":"","ast-banner-title-visibility":"","ast-main-header-display":"","ast-hfb-above-header-display":"","ast-hfb-below-header-display":"","ast-hfb-mobile-header-display":"","site-post-title":"disabled","ast-breadcrumbs-content":"","ast-featured-img":"","footer-sml-layout":"","theme-transparent-header-meta":"default","adv-header-id-meta":"","stick-header-meta":"","header-above-stick-meta":"","header-main-stick-meta":"","header-below-stick-meta":"","astra-migrate-meta-layouts":"set","ast-page-background-enabled":"default","ast-page-background-meta":{"desktop":{"background-color":"","background-image":"","background-repeat":"repeat","background-position":"center center","background-size":"auto","background-attachment":"scroll","background-type":"","background-media":"","overlay-type":"","overlay-color":"","overlay-opacity":"","overlay-gradient":""},"tablet":{"background-color":"","background-image":"","background-repeat":"repeat","background-position":"center center","background-size":"auto","background-attachment":"scroll","background-type":"","background-media":"","overlay-type":"","overlay-color":"","overlay-opacity":"","overlay-gradient":""},"mobile":{"background-color":"","background-image":"","background-repeat":"repeat","background-position":"center center","background-size":"auto","background-attachment":"scroll","background-type":"","background-media":"","overlay-type":"","overlay-color":"","overlay-opacity":"","overlay-gradient":""}},"ast-content-background-meta":{"desktop":{"background-color":"var(--ast-global-color-5)","background-image":"","background-repeat":"repeat","background-position":"center center","background-size":"auto","background-attachment":"scroll","background-type":"","background-media":"","overlay-type":"","overlay-color":"","overlay-opacity":"","overlay-gradient":""},"tablet":{"background-color":"var(--ast-global-color-5)","background-image":"","background-repeat":"repeat","background-position":"center center","background-size":"auto","background-attachment":"scroll","background-type":"","background-media":"","overlay-type":"","overlay-color":"","overlay-opacity":"","overlay-gradient":""},"mobile":{"background-color":"var(--ast-global-color-5)","background-image":"","background-repeat":"repeat","background-position":"center center","background-size":"auto","background-attachment":"scroll","background-type":"","background-media":"","overlay-type":"","overlay-color":"","overlay-opacity":"","overlay-gradient":""}},"footnotes":""},"class_list":["post-1915","page","type-page","status-publish","has-post-thumbnail","hentry"],"yoast_head":"<!-- This site is optimized with the Yoast SEO plugin v25.3.1 - https:\/\/yoast.com\/wordpress\/plugins\/seo\/ -->\n<title>Our Services \u2013 Royal Aigle Professional Services<\/title>\n<meta name=\"description\" content=\"Discover Royal Aigle&#039;s services: receptionists, security, event planning, and comprehensive assistance for your professional needs.\" \/>\n<meta name=\"robots\" content=\"index, follow, max-snippet:-1, max-image-preview:large, max-video-preview:-1\" \/>\n<link rel=\"canonical\" href=\"https:\/\/royalaigle.fr\/en\/our-services\/\" \/>\n<meta property=\"og:locale\" content=\"en_GB\" \/>\n<meta property=\"og:type\" content=\"article\" \/>\n<meta property=\"og:title\" content=\"Our Services \u2013 Royal Aigle Professional Services\" \/>\n<meta property=\"og:description\" content=\"Discover Royal Aigle&#039;s services: receptionists, security, event planning, and comprehensive assistance for your professional needs.\" \/>\n<meta property=\"og:url\" content=\"https:\/\/royalaigle.fr\/en\/our-services\/\" \/>\n<meta property=\"og:site_name\" content=\"Royal Aigle Security, Events &amp; Services\" \/>\n<meta property=\"article:publisher\" content=\"https:\/\/www.facebook.com\/DiasporaShqipetareAnnecyFrance\/\" \/>\n<meta property=\"article:modified_time\" content=\"2025-07-01T08:58:48+00:00\" \/>\n<meta property=\"og:image\" content=\"https:\/\/royalaigle.fr\/en\/wp-content\/uploads\/2025\/06\/2148404004-1.jpg\" \/>\n\t<meta property=\"og:image:width\" content=\"1000\" \/>\n\t<meta property=\"og:image:height\" content=\"667\" \/>\n\t<meta property=\"og:image:type\" content=\"image\/jpeg\" \/>\n<meta name=\"twitter:card\" content=\"summary_large_image\" \/>\n<meta name=\"twitter:label1\" content=\"Estimated reading time\" \/>\n\t<meta name=\"twitter:data1\" content=\"2 minutes\" \/>\n<script type=\"application\/ld+json\" class=\"yoast-schema-graph\">{\"@context\":\"https:\/\/schema.org\",\"@graph\":[{\"@type\":\"WebPage\",\"@id\":\"https:\/\/royalaigle.fr\/en\/our-services\/\",\"url\":\"https:\/\/royalaigle.fr\/en\/our-services\/\",\"name\":\"Our Services \u2013 Royal Aigle Professional Services\",\"isPartOf\":{\"@id\":\"https:\/\/royalaigle.fr\/en\/#website\"},\"primaryImageOfPage\":{\"@id\":\"https:\/\/royalaigle.fr\/en\/our-services\/#primaryimage\"},\"image\":{\"@id\":\"https:\/\/royalaigle.fr\/en\/our-services\/#primaryimage\"},\"thumbnailUrl\":\"https:\/\/royalaigle.fr\/en\/wp-content\/uploads\/2025\/06\/2148404004-1.jpg\",\"datePublished\":\"2025-06-23T07:21:15+00:00\",\"dateModified\":\"2025-07-01T08:58:48+00:00\",\"description\":\"Discover Royal Aigle's services: receptionists, security, event planning, and comprehensive assistance for your professional needs.\",\"breadcrumb\":{\"@id\":\"https:\/\/royalaigle.fr\/en\/our-services\/#breadcrumb\"},\"inLanguage\":\"en-GB\",\"potentialAction\":[{\"@type\":\"ReadAction\",\"target\":[\"https:\/\/royalaigle.fr\/en\/our-services\/\"]}]},{\"@type\":\"ImageObject\",\"inLanguage\":\"en-GB\",\"@id\":\"https:\/\/royalaigle.fr\/en\/our-services\/#primaryimage\",\"url\":\"https:\/\/royalaigle.fr\/en\/wp-content\/uploads\/2025\/06\/2148404004-1.jpg\",\"contentUrl\":\"https:\/\/royalaigle.fr\/en\/wp-content\/uploads\/2025\/06\/2148404004-1.jpg\",\"width\":1000,\"height\":667},{\"@type\":\"BreadcrumbList\",\"@id\":\"https:\/\/royalaigle.fr\/en\/our-services\/#breadcrumb\",\"itemListElement\":[{\"@type\":\"ListItem\",\"position\":1,\"name\":\"Home\",\"item\":\"https:\/\/royalaigle.fr\/en\/\"},{\"@type\":\"ListItem\",\"position\":2,\"name\":\"Our Services\"}]},{\"@type\":\"WebSite\",\"@id\":\"https:\/\/royalaigle.fr\/en\/#website\",\"url\":\"https:\/\/royalaigle.fr\/en\/\",\"name\":\"Royal Aigle Security, Events & Services\",\"description\":\"\",\"publisher\":{\"@id\":\"https:\/\/royalaigle.fr\/en\/#organization\"},\"potentialAction\":[{\"@type\":\"SearchAction\",\"target\":{\"@type\":\"EntryPoint\",\"urlTemplate\":\"https:\/\/royalaigle.fr\/en\/?s={search_term_string}\"},\"query-input\":{\"@type\":\"PropertyValueSpecification\",\"valueRequired\":true,\"valueName\":\"search_term_string\"}}],\"inLanguage\":\"en-GB\"},{\"@type\":\"Organization\",\"@id\":\"https:\/\/royalaigle.fr\/en\/#organization\",\"name\":\"Royal Aigle S\u00e9curit\u00e9, Events & Services\",\"url\":\"https:\/\/royalaigle.fr\/en\/\",\"logo\":{\"@type\":\"ImageObject\",\"inLanguage\":\"en-GB\",\"@id\":\"https:\/\/royalaigle.fr\/en\/#\/schema\/logo\/image\/\",\"url\":\"https:\/\/royalaigle.fr\/en\/wp-content\/uploads\/2025\/06\/logo-royal-aigle-svg.svg\",\"contentUrl\":\"https:\/\/royalaigle.fr\/en\/wp-content\/uploads\/2025\/06\/logo-royal-aigle-svg.svg\",\"width\":170,\"height\":27,\"caption\":\"Royal Aigle S\u00e9curit\u00e9, Events & Services\"},\"image\":{\"@id\":\"https:\/\/royalaigle.fr\/en\/#\/schema\/logo\/image\/\"},\"sameAs\":[\"https:\/\/www.facebook.com\/DiasporaShqipetareAnnecyFrance\/\",\"https:\/\/www.tiktok.com\/@royalaigleeventssecurite\"]}]}<\/script>\n<!-- \/ Yoast SEO plugin. -->","yoast_head_json":{"title":"Our Services \u2013 Royal Aigle Professional Services","description":"Discover Royal Aigle's services: receptionists, security, event planning, and comprehensive assistance for your professional needs.","robots":{"index":"index","follow":"follow","max-snippet":"max-snippet:-1","max-image-preview":"max-image-preview:large","max-video-preview":"max-video-preview:-1"},"canonical":"https:\/\/royalaigle.fr\/en\/our-services\/","og_locale":"en_GB","og_type":"article","og_title":"Our Services \u2013 Royal Aigle Professional Services","og_description":"Discover Royal Aigle's services: receptionists, security, event planning, and comprehensive assistance for your professional needs.","og_url":"https:\/\/royalaigle.fr\/en\/our-services\/","og_site_name":"Royal Aigle Security, Events &amp; Services","article_publisher":"https:\/\/www.facebook.com\/DiasporaShqipetareAnnecyFrance\/","article_modified_time":"2025-07-01T08:58:48+00:00","og_image":[{"width":1000,"height":667,"url":"https:\/\/royalaigle.fr\/en\/wp-content\/uploads\/2025\/06\/2148404004-1.jpg","type":"image\/jpeg"}],"twitter_card":"summary_large_image","twitter_misc":{"Estimated reading time":"2 minutes"},"schema":{"@context":"https:\/\/schema.org","@graph":[{"@type":"WebPage","@id":"https:\/\/royalaigle.fr\/en\/our-services\/","url":"https:\/\/royalaigle.fr\/en\/our-services\/","name":"Our Services \u2013 Royal Aigle Professional Services","isPartOf":{"@id":"https:\/\/royalaigle.fr\/en\/#website"},"primaryImageOfPage":{"@id":"https:\/\/royalaigle.fr\/en\/our-services\/#primaryimage"},"image":{"@id":"https:\/\/royalaigle.fr\/en\/our-services\/#primaryimage"},"thumbnailUrl":"https:\/\/royalaigle.fr\/en\/wp-content\/uploads\/2025\/06\/2148404004-1.jpg","datePublished":"2025-06-23T07:21:15+00:00","dateModified":"2025-07-01T08:58:48+00:00","description":"Discover Royal Aigle's services: receptionists, security, event planning, and comprehensive assistance for your professional needs.","breadcrumb":{"@id":"https:\/\/royalaigle.fr\/en\/our-services\/#breadcrumb"},"inLanguage":"en-GB","potentialAction":[{"@type":"ReadAction","target":["https:\/\/royalaigle.fr\/en\/our-services\/"]}]},{"@type":"ImageObject","inLanguage":"en-GB","@id":"https:\/\/royalaigle.fr\/en\/our-services\/#primaryimage","url":"https:\/\/royalaigle.fr\/en\/wp-content\/uploads\/2025\/06\/2148404004-1.jpg","contentUrl":"https:\/\/royalaigle.fr\/en\/wp-content\/uploads\/2025\/06\/2148404004-1.jpg","width":1000,"height":667},{"@type":"BreadcrumbList","@id":"https:\/\/royalaigle.fr\/en\/our-services\/#breadcrumb","itemListElement":[{"@type":"ListItem","position":1,"name":"Home","item":"https:\/\/royalaigle.fr\/en\/"},{"@type":"ListItem","position":2,"name":"Our Services"}]},{"@type":"WebSite","@id":"https:\/\/royalaigle.fr\/en\/#website","url":"https:\/\/royalaigle.fr\/en\/","name":"Royal Aigle Security, Events & Services","description":"","publisher":{"@id":"https:\/\/royalaigle.fr\/en\/#organization"},"potentialAction":[{"@type":"SearchAction","target":{"@type":"EntryPoint","urlTemplate":"https:\/\/royalaigle.fr\/en\/?s={search_term_string}"},"query-input":{"@type":"PropertyValueSpecification","valueRequired":true,"valueName":"search_term_string"}}],"inLanguage":"en-GB"},{"@type":"Organization","@id":"https:\/\/royalaigle.fr\/en\/#organization","name":"Royal Aigle S\u00e9curit\u00e9, Events & Services","url":"https:\/\/royalaigle.fr\/en\/","logo":{"@type":"ImageObject","inLanguage":"en-GB","@id":"https:\/\/royalaigle.fr\/en\/#\/schema\/logo\/image\/","url":"https:\/\/royalaigle.fr\/en\/wp-content\/uploads\/2025\/06\/logo-royal-aigle-svg.svg","contentUrl":"https:\/\/royalaigle.fr\/en\/wp-content\/uploads\/2025\/06\/logo-royal-aigle-svg.svg","width":170,"height":27,"caption":"Royal Aigle S\u00e9curit\u00e9, Events & Services"},"image":{"@id":"https:\/\/royalaigle.fr\/en\/#\/schema\/logo\/image\/"},"sameAs":["https:\/\/www.facebook.com\/DiasporaShqipetareAnnecyFrance\/","https:\/\/www.tiktok.com\/@royalaigleeventssecurite"]}]}},"_links":{"self":[{"href":"https:\/\/royalaigle.fr\/en\/wp-json\/wp\/v2\/pages\/1915","targetHints":{"allow":["GET"]}}],"collection":[{"href":"https:\/\/royalaigle.fr\/en\/wp-json\/wp\/v2\/pages"}],"about":[{"href":"https:\/\/royalaigle.fr\/en\/wp-json\/wp\/v2\/types\/page"}],"author":[{"embeddable":true,"href":"https:\/\/royalaigle.fr\/en\/wp-json\/wp\/v2\/users\/1"}],"replies":[{"embeddable":true,"href":"https:\/\/royalaigle.fr\/en\/wp-json\/wp\/v2\/comments?post=1915"}],"version-history":[{"count":17,"href":"https:\/\/royalaigle.fr\/en\/wp-json\/wp\/v2\/pages\/1915\/revisions"}],"predecessor-version":[{"id":2766,"href":"https:\/\/royalaigle.fr\/en\/wp-json\/wp\/v2\/pages\/1915\/revisions\/2766"}],"wp:featuredmedia":[{"embeddable":true,"href":"https:\/\/royalaigle.fr\/en\/wp-json\/wp\/v2\/media\/2254"}],"wp:attachment":[{"href":"https:\/\/royalaigle.fr\/en\/wp-json\/wp\/v2\/media?parent=1915"}],"curies":[{"name":"wp","href":"https:\/\/api.w.org\/{rel}","templated":true}]}}